{"id":16,"date":"2025-01-09T06:44:37","date_gmt":"2025-01-09T06:44:37","guid":{"rendered":"https:\/\/kronosconsultinggroup.com\/?page_id=16"},"modified":"2025-01-29T17:30:27","modified_gmt":"2025-01-29T17:30:27","slug":"about-us","status":"publish","type":"page","link":"https:\/\/kronosconsultinggroup.com\/en\/about-us\/","title":{"rendered":"About Us"},"content":{"rendered":"<div data-elementor-type=\"wp-page\" data-elementor-id=\"16\" class=\"elementor elementor-16\" data-elementor-post-type=\"page\">\n\t\t\t\t<div class=\"elementor-element elementor-element-454a28d e-flex e-con-boxed e-con e-parent\" data-id=\"454a28d\" data-element_type=\"container\" data-settings=\"{&quot;background_background&quot;:&quot;classic&quot;}\">\n\t\t\t\t\t<div class=\"e-con-inner\">\n\t\t\t\t<div class=\"elementor-element elementor-element-f4910e2 elementor-widget elementor-widget-heading\" data-id=\"f4910e2\" data-element_type=\"widget\" data-widget_type=\"heading.default\">\n\t\t\t\t<div class=\"elementor-widget-container\">\n\t\t\t\t\t<h2 class=\"elementor-heading-title elementor-size-default\">QUIENES SOMOS <\/h2>\t\t\t\t<\/div>\n\t\t\t\t<\/div>\n\t\t\t\t\t<\/div>\n\t\t\t\t<\/div>\n\t\t<div class=\"elementor-element elementor-element-fda0e64 e-flex e-con-boxed e-con e-parent\" data-id=\"fda0e64\" data-element_type=\"container\">\n\t\t\t\t\t<div class=\"e-con-inner\">\n\t\t<div class=\"elementor-element elementor-element-d98820a e-con-full e-flex e-con e-child\" data-id=\"d98820a\" data-element_type=\"container\">\n\t\t\t\t<div class=\"elementor-element elementor-element-ebeb3d9 elementor-widget elementor-widget-image\" data-id=\"ebeb3d9\" data-element_type=\"widget\" data-widget_type=\"image.default\">\n\t\t\t\t<div class=\"elementor-widget-container\">\n\t\t\t\t\t\t\t\t\t\t\t\t\t\t\t<img fetchpriority=\"high\" decoding=\"async\" width=\"1024\" height=\"684\" src=\"https:\/\/kronosconsultinggroup.com\/wp-content\/uploads\/2025\/01\/guy-shows-document-girl-group-young-freelancers-office-have-conversation-working-1024x684.jpg\" class=\"attachment-large size-large wp-image-149\" alt=\"\" srcset=\"https:\/\/kronosconsultinggroup.com\/wp-content\/uploads\/2025\/01\/guy-shows-document-girl-group-young-freelancers-office-have-conversation-working-1024x684.jpg 1024w, https:\/\/kronosconsultinggroup.com\/wp-content\/uploads\/2025\/01\/guy-shows-document-girl-group-young-freelancers-office-have-conversation-working-300x200.jpg 300w, https:\/\/kronosconsultinggroup.com\/wp-content\/uploads\/2025\/01\/guy-shows-document-girl-group-young-freelancers-office-have-conversation-working-768x513.jpg 768w, https:\/\/kronosconsultinggroup.com\/wp-content\/uploads\/2025\/01\/guy-shows-document-girl-group-young-freelancers-office-have-conversation-working-1536x1025.jpg 1536w, https:\/\/kronosconsultinggroup.com\/wp-content\/uploads\/2025\/01\/guy-shows-document-girl-group-young-freelancers-office-have-conversation-working-2048x1367.jpg 2048w\" sizes=\"(max-width: 1024px) 100vw, 1024px\" \/>\t\t\t\t\t\t\t\t\t\t\t\t\t\t\t<\/div>\n\t\t\t\t<\/div>\n\t\t\t\t<\/div>\n\t\t<div class=\"elementor-element elementor-element-1418424 e-con-full e-flex e-con e-child\" data-id=\"1418424\" data-element_type=\"container\">\n\t\t\t\t<div class=\"elementor-element elementor-element-40da5be animated-slow elementor-invisible elementor-widget elementor-widget-heading\" data-id=\"40da5be\" data-element_type=\"widget\" data-settings=\"{&quot;_animation&quot;:&quot;fadeInUp&quot;}\" data-widget_type=\"heading.default\">\n\t\t\t\t<div class=\"elementor-widget-container\">\n\t\t\t\t\t<h3 class=\"elementor-heading-title elementor-size-default\">Kronos Consulting Group<\/h3>\t\t\t\t<\/div>\n\t\t\t\t<\/div>\n\t\t\t\t<div class=\"elementor-element elementor-element-a643908 elementor-widget elementor-widget-text-editor\" data-id=\"a643908\" data-element_type=\"widget\" data-widget_type=\"text-editor.default\">\n\t\t\t\t<div class=\"elementor-widget-container\">\n\t\t\t\t\t\t\t\t\t<p>Nace de la uni\u00f3n y experiencia de sus socios y asociados, personas y empresas ya consolidadas en el mundo empresarial. Con la uni\u00f3n ofrecemos mejores servicios y as\u00ed mejorar la comunicaci\u00f3n y el acercamiento a nuestros clientes.<\/p><p>Nuestro objetivo es ofrecer un trato personalizado, eficiente, de calidad y cumplir con los retos que el mercado nos pone a nosotros y a nuestros clientes. Confianza y trabajo son nuestros baluartes.<\/p>\t\t\t\t\t\t\t\t<\/div>\n\t\t\t\t<\/div>\n\t\t\t\t<\/div>\n\t\t\t\t\t<\/div>\n\t\t\t\t<\/div>\n\t\t<div class=\"elementor-element elementor-element-304dc47d e-flex e-con-boxed e-con e-parent\" data-id=\"304dc47d\" data-element_type=\"container\" data-settings=\"{&quot;background_background&quot;:&quot;classic&quot;}\">\n\t\t\t\t\t<div class=\"e-con-inner\">\n\t\t<div class=\"elementor-element elementor-element-7a8b24e5 e-con-full e-flex e-con e-child\" data-id=\"7a8b24e5\" data-element_type=\"container\">\n\t\t\t\t<div class=\"elementor-element elementor-element-1a09df0c elementor-widget elementor-widget-elementskit-funfact\" data-id=\"1a09df0c\" data-element_type=\"widget\" data-widget_type=\"elementskit-funfact.default\">\n\t\t\t\t<div class=\"elementor-widget-container\">\n\t\t\t\t\t<div class=\"ekit-wid-con\" >\n\t\t<div class=\"elementskit-funfact text-center\">\n\t\t\t\n\t\t\t<div class=\"elementskit-funfact-inner\">\n\t\t\t\t\t\t\t\t\n\t\t\t\t<div class=\"funfact-content\">\n\t\t\t\t\t<div class=\"number-percentage-wraper\">\n\t\t\t\t\t\t\t\t\t\t\t\t<span class=\"number-percentage\"\n\t\t\t\t\t\t      data-value=\"20\"\n\t\t\t\t\t\t      data-animation-duration=\"3500\"\n\t\t\t\t\t\t\t  data-style=\"static\">0<\/span>\n\t\t\t\t\t\t \t\t\t\t\t\t\t\t\t\t\t\t\t<span class=\"super\"><\/span>\n\t\t\t\t\t\t\t\t\t\t\t<\/div>\n\n\t\t\t\t\t<h3 class=\"funfact-title\">A\u00f1os de experiencia<\/h3>\t\t\t\t\t\t\t\t<\/div>\n\t\t<\/div>\n\t\t<\/div>\n\n\n\t\t<\/div>\t\t\t\t<\/div>\n\t\t\t\t<\/div>\n\t\t\t\t<\/div>\n\t\t<div class=\"elementor-element elementor-element-6b04a829 e-con-full e-flex e-con e-child\" data-id=\"6b04a829\" data-element_type=\"container\">\n\t\t\t\t<div class=\"elementor-element elementor-element-481d1d56 elementor-widget elementor-widget-elementskit-funfact\" data-id=\"481d1d56\" data-element_type=\"widget\" data-widget_type=\"elementskit-funfact.default\">\n\t\t\t\t<div class=\"elementor-widget-container\">\n\t\t\t\t\t<div class=\"ekit-wid-con\" >\n\t\t<div class=\"elementskit-funfact text-center\">\n\t\t\t\n\t\t\t<div class=\"elementskit-funfact-inner\">\n\t\t\t\t\t\t\t\t\n\t\t\t\t<div class=\"funfact-content\">\n\t\t\t\t\t<div class=\"number-percentage-wraper\">\n\t\t\t\t\t\t\t\t\t\t\t\t<span class=\"number-percentage\"\n\t\t\t\t\t\t      data-value=\"30\"\n\t\t\t\t\t\t      data-animation-duration=\"3500\"\n\t\t\t\t\t\t\t  data-style=\"static\">0<\/span>\n\t\t\t\t\t\t \t\t\t\t\t\t\t\t\t\t\t\t\t<span class=\"super\">+<\/span>\n\t\t\t\t\t\t\t\t\t\t\t<\/div>\n\n\t\t\t\t\t<h3 class=\"funfact-title\">Expertos internos<\/h3>\t\t\t\t\t\t\t\t<\/div>\n\t\t<\/div>\n\t\t<\/div>\n\n\n\t\t<\/div>\t\t\t\t<\/div>\n\t\t\t\t<\/div>\n\t\t\t\t<\/div>\n\t\t\t\t\t<\/div>\n\t\t\t\t<\/div>\n\t\t<div class=\"elementor-element elementor-element-54f8bbba e-flex e-con-boxed e-con e-parent\" data-id=\"54f8bbba\" data-element_type=\"container\">\n\t\t\t\t\t<div class=\"e-con-inner\">\n\t\t<div class=\"elementor-element elementor-element-543e8d1e e-con-full e-flex e-con e-child\" data-id=\"543e8d1e\" data-element_type=\"container\">\n\t\t\t\t<div class=\"elementor-element elementor-element-69849927 animated-slow elementor-invisible elementor-widget elementor-widget-heading\" data-id=\"69849927\" data-element_type=\"widget\" data-settings=\"{&quot;_animation&quot;:&quot;fadeInUp&quot;}\" data-widget_type=\"heading.default\">\n\t\t\t\t<div class=\"elementor-widget-container\">\n\t\t\t\t\t<h3 class=\"elementor-heading-title elementor-size-default\">Experiencia, conocimientos y excelencia<\/h3>\t\t\t\t<\/div>\n\t\t\t\t<\/div>\n\t\t\t\t<div class=\"elementor-element elementor-element-13982fc9 elementor-widget elementor-widget-text-editor\" data-id=\"13982fc9\" data-element_type=\"widget\" data-widget_type=\"text-editor.default\">\n\t\t\t\t<div class=\"elementor-widget-container\">\n\t\t\t\t\t\t\t\t\t<p>En KRONOS, creemos en la capacitaci\u00f3n de las empresas para sortear las complejidades, aprovechar las oportunidades y lograr un \u00e9xito sostenible. Nuestro equipo de experimentados profesionales aporta a\u00f1os de experiencia, combinando conocimientos del sector con soluciones pr\u00e1cticas para ayudarle a superar los retos y alcanzar sus objetivos.<\/p>\t\t\t\t\t\t\t\t<\/div>\n\t\t\t\t<\/div>\n\t\t\t\t<div class=\"elementor-element elementor-element-78039144 elementor-widget__width-inherit elementor-widget elementor-widget-elementskit-accordion\" data-id=\"78039144\" data-element_type=\"widget\" data-widget_type=\"elementskit-accordion.default\">\n\t\t\t\t<div class=\"elementor-widget-container\">\n\t\t\t\t\t<div class=\"ekit-wid-con\" >\n        <div class=\"elementskit-accordion accoedion-primary\" id=\"accordion-69f1c1eadfe1e\">\n\n            \n                <div class=\"elementskit-card active\">\n                    <div class=\"elementskit-card-header\" id=\"primaryHeading-0-78039144\">\n                        <a href=\"#collapse-f48df1469f1c1eadfe1e\" class=\"ekit-accordion--toggler elementskit-btn-link collapsed\" data-ekit-toggle=\"collapse\" data-target=\"#Collapse-f48df1469f1c1eadfe1e\" aria-expanded=\"true\" aria-controls=\"Collapse-f48df1469f1c1eadfe1e\">\n                            \n                            <span class=\"ekit-accordion-title\">Nuestra Misi\u00f3n<\/span>\n\n                            \n                                <div class=\"ekit_accordion_icon_group\">\n                                    <div class=\"ekit_accordion_normal_icon\">\n                                        <!-- Normal Icon -->\n\t\t\t\t\t\t\t\t\t\t<svg class=\"e-font-icon-svg e-fas-arrow-alt-circle-down\" viewbox=\"0 0 512 512\" xmlns=\"http:\/\/www.w3.org\/2000\/svg\"><path d=\"M504 256c0 137-111 248-248 248S8 393 8 256 119 8 256 8s248 111 248 248zM212 140v116h-70.9c-10.7 0-16.1 13-8.5 20.5l114.9 114.3c4.7 4.7 12.2 4.7 16.9 0l114.9-114.3c7.6-7.6 2.2-20.5-8.5-20.5H300V140c0-6.6-5.4-12-12-12h-64c-6.6 0-12 5.4-12 12z\"><\/path><\/svg>                                    <\/div>\n\n                                    <div class=\"ekit_accordion_active_icon\">\n                                        <!-- Active Icon -->\n\t\t\t\t\t\t\t\t\t\t<svg class=\"e-font-icon-svg e-fas-arrow-alt-circle-up\" viewbox=\"0 0 512 512\" xmlns=\"http:\/\/www.w3.org\/2000\/svg\"><path d=\"M8 256C8 119 119 8 256 8s248 111 248 248-111 248-248 248S8 393 8 256zm292 116V256h70.9c10.7 0 16.1-13 8.5-20.5L264.5 121.2c-4.7-4.7-12.2-4.7-16.9 0l-115 114.3c-7.6 7.6-2.2 20.5 8.5 20.5H212v116c0 6.6 5.4 12 12 12h64c6.6 0 12-5.4 12-12z\"><\/path><\/svg>                                    <\/div>\n                                <\/div>\n\n                            \n                                                    <\/a>\n                    <\/div>\n\n                    <div id=\"Collapse-f48df1469f1c1eadfe1e\" class=\"show collapse\" aria-labelledby=\"primaryHeading-0-78039144\" data-parent=\"#accordion-69f1c1eadfe1e\">\n\n                        <div class=\"elementskit-card-body ekit-accordion--content\">\n                            <p>En Kronos Consulting Group, nuestra misi\u00f3n es proporcionar ideas estrat\u00e9gicas y soluciones pr\u00e1cticas que transformen los retos en oportunidades. Nos comprometemos a guiar a nuestros clientes a trav\u00e9s de entornos complejos con claridad y confianza.<\/p>                        <\/div>\n\n                    <\/div>\n\n                <\/div><!-- .elementskit-card END -->\n\n                \n                <div class=\"elementskit-card\">\n                    <div class=\"elementskit-card-header\" id=\"primaryHeading-1-78039144\">\n                        <a href=\"#collapse-a57ca0069f1c1eadfe1e\" class=\"ekit-accordion--toggler elementskit-btn-link collapsed\" data-ekit-toggle=\"collapse\" data-target=\"#Collapse-a57ca0069f1c1eadfe1e\" aria-expanded=\"false\" aria-controls=\"Collapse-a57ca0069f1c1eadfe1e\">\n                            \n                            <span class=\"ekit-accordion-title\">Nuestra Visi\u00f3n<\/span>\n\n                            \n                                <div class=\"ekit_accordion_icon_group\">\n                                    <div class=\"ekit_accordion_normal_icon\">\n                                        <!-- Normal Icon -->\n\t\t\t\t\t\t\t\t\t\t<svg class=\"e-font-icon-svg e-fas-arrow-alt-circle-down\" viewbox=\"0 0 512 512\" xmlns=\"http:\/\/www.w3.org\/2000\/svg\"><path d=\"M504 256c0 137-111 248-248 248S8 393 8 256 119 8 256 8s248 111 248 248zM212 140v116h-70.9c-10.7 0-16.1 13-8.5 20.5l114.9 114.3c4.7 4.7 12.2 4.7 16.9 0l114.9-114.3c7.6-7.6 2.2-20.5-8.5-20.5H300V140c0-6.6-5.4-12-12-12h-64c-6.6 0-12 5.4-12 12z\"><\/path><\/svg>                                    <\/div>\n\n                                    <div class=\"ekit_accordion_active_icon\">\n                                        <!-- Active Icon -->\n\t\t\t\t\t\t\t\t\t\t<svg class=\"e-font-icon-svg e-fas-arrow-alt-circle-up\" viewbox=\"0 0 512 512\" xmlns=\"http:\/\/www.w3.org\/2000\/svg\"><path d=\"M8 256C8 119 119 8 256 8s248 111 248 248-111 248-248 248S8 393 8 256zm292 116V256h70.9c10.7 0 16.1-13 8.5-20.5L264.5 121.2c-4.7-4.7-12.2-4.7-16.9 0l-115 114.3c-7.6 7.6-2.2 20.5 8.5 20.5H212v116c0 6.6 5.4 12 12 12h64c6.6 0 12-5.4 12-12z\"><\/path><\/svg>                                    <\/div>\n                                <\/div>\n\n                            \n                                                    <\/a>\n                    <\/div>\n\n                    <div id=\"Collapse-a57ca0069f1c1eadfe1e\" class=\"collapse\" aria-labelledby=\"primaryHeading-1-78039144\" data-parent=\"#accordion-69f1c1eadfe1e\">\n\n                        <div class=\"elementskit-card-body ekit-accordion--content\">\n                            <p>Nuestra visi\u00f3n es ser el socio de confianza de empresas y particulares de todo el mundo, reconocido por nuestro enfoque innovador, nuestra experiencia inigualable y nuestro inquebrantable compromiso con la excelencia.<\/p>                        <\/div>\n\n                    <\/div>\n\n                <\/div><!-- .elementskit-card END -->\n\n                \n                <div class=\"elementskit-card\">\n                    <div class=\"elementskit-card-header\" id=\"primaryHeading-2-78039144\">\n                        <a href=\"#collapse-fe6a1b569f1c1eadfe1e\" class=\"ekit-accordion--toggler elementskit-btn-link collapsed\" data-ekit-toggle=\"collapse\" data-target=\"#Collapse-fe6a1b569f1c1eadfe1e\" aria-expanded=\"false\" aria-controls=\"Collapse-fe6a1b569f1c1eadfe1e\">\n                            \n                            <span class=\"ekit-accordion-title\">Nuestros Valores <\/span>\n\n                            \n                                <div class=\"ekit_accordion_icon_group\">\n                                    <div class=\"ekit_accordion_normal_icon\">\n                                        <!-- Normal Icon -->\n\t\t\t\t\t\t\t\t\t\t<svg class=\"e-font-icon-svg e-fas-arrow-alt-circle-down\" viewbox=\"0 0 512 512\" xmlns=\"http:\/\/www.w3.org\/2000\/svg\"><path d=\"M504 256c0 137-111 248-248 248S8 393 8 256 119 8 256 8s248 111 248 248zM212 140v116h-70.9c-10.7 0-16.1 13-8.5 20.5l114.9 114.3c4.7 4.7 12.2 4.7 16.9 0l114.9-114.3c7.6-7.6 2.2-20.5-8.5-20.5H300V140c0-6.6-5.4-12-12-12h-64c-6.6 0-12 5.4-12 12z\"><\/path><\/svg>                                    <\/div>\n\n                                    <div class=\"ekit_accordion_active_icon\">\n                                        <!-- Active Icon -->\n\t\t\t\t\t\t\t\t\t\t<svg class=\"e-font-icon-svg e-fas-arrow-alt-circle-up\" viewbox=\"0 0 512 512\" xmlns=\"http:\/\/www.w3.org\/2000\/svg\"><path d=\"M8 256C8 119 119 8 256 8s248 111 248 248-111 248-248 248S8 393 8 256zm292 116V256h70.9c10.7 0 16.1-13 8.5-20.5L264.5 121.2c-4.7-4.7-12.2-4.7-16.9 0l-115 114.3c-7.6 7.6-2.2 20.5 8.5 20.5H212v116c0 6.6 5.4 12 12 12h64c6.6 0 12-5.4 12-12z\"><\/path><\/svg>                                    <\/div>\n                                <\/div>\n\n                            \n                                                    <\/a>\n                    <\/div>\n\n                    <div id=\"Collapse-fe6a1b569f1c1eadfe1e\" class=\"collapse\" aria-labelledby=\"primaryHeading-2-78039144\" data-parent=\"#accordion-69f1c1eadfe1e\">\n\n                        <div class=\"elementskit-card-body ekit-accordion--content\">\n                            <p>En KRONOS CONSULTING GROUP, combinamos experiencia probada, soluciones a medida y un enfoque centrado en el cliente para ayudar a las empresas a superar los retos y lograr un crecimiento sostenible. Nuestro equipo de profesionales experimentados se dedica a ofrecer resultados a largo plazo, garantizando que su \u00e9xito est\u00e9 en el centro de todo lo que hacemos.<\/p>                        <\/div>\n\n                    <\/div>\n\n                <\/div><!-- .elementskit-card END -->\n\n                                        <\/div>\n    <\/div>\t\t\t\t<\/div>\n\t\t\t\t<\/div>\n\t\t\t\t<\/div>\n\t\t<div class=\"elementor-element elementor-element-307829aa e-con-full e-flex e-con e-child\" data-id=\"307829aa\" data-element_type=\"container\">\n\t\t\t\t<div class=\"elementor-element elementor-element-2ccbe40 elementor-widget elementor-widget-image\" data-id=\"2ccbe40\" data-element_type=\"widget\" data-widget_type=\"image.default\">\n\t\t\t\t<div class=\"elementor-widget-container\">\n\t\t\t\t\t\t\t\t\t\t\t\t\t\t\t<img decoding=\"async\" width=\"1024\" height=\"683\" src=\"https:\/\/kronosconsultinggroup.com\/wp-content\/uploads\/2025\/01\/silhouette-confident-businesspeople-1024x683.jpg\" class=\"attachment-large size-large wp-image-179\" alt=\"\" srcset=\"https:\/\/kronosconsultinggroup.com\/wp-content\/uploads\/2025\/01\/silhouette-confident-businesspeople-1024x683.jpg 1024w, https:\/\/kronosconsultinggroup.com\/wp-content\/uploads\/2025\/01\/silhouette-confident-businesspeople-300x200.jpg 300w, https:\/\/kronosconsultinggroup.com\/wp-content\/uploads\/2025\/01\/silhouette-confident-businesspeople-768x512.jpg 768w, https:\/\/kronosconsultinggroup.com\/wp-content\/uploads\/2025\/01\/silhouette-confident-businesspeople-1536x1024.jpg 1536w, https:\/\/kronosconsultinggroup.com\/wp-content\/uploads\/2025\/01\/silhouette-confident-businesspeople-2048x1365.jpg 2048w\" sizes=\"(max-width: 1024px) 100vw, 1024px\" \/>\t\t\t\t\t\t\t\t\t\t\t\t\t\t\t<\/div>\n\t\t\t\t<\/div>\n\t\t\t\t<\/div>\n\t\t\t\t\t<\/div>\n\t\t\t\t<\/div>\n\t\t\t\t<\/div>","protected":false},"excerpt":{"rendered":"<p>QUIENES SOMOS Kronos Consulting Group Nace de la uni\u00f3n y experiencia de sus socios y asociados, personas y empresas ya [&hellip;]<\/p>","protected":false},"author":1,"featured_media":0,"parent":0,"menu_order":0,"comment_status":"closed","ping_status":"closed","template":"","meta":{"site-sidebar-layout":"no-sidebar","site-content-layout":"","ast-site-content-layout":"full-width-container","site-content-style":"default","site-sidebar-style":"default","ast-global-header-display":"","ast-banner-title-visibility":"","ast-main-header-display":"","ast-hfb-above-header-display":"","ast-hfb-below-header-display":"","ast-hfb-mobile-header-display":"","site-post-title":"disabled","ast-breadcrumbs-content":"","ast-featured-img":"disabled","footer-sml-layout":"","theme-transparent-header-meta":"","adv-header-id-meta":"","stick-header-meta":"","header-above-stick-meta":"","header-main-stick-meta":"","header-below-stick-meta":"","astra-migrate-meta-layouts":"default","ast-page-background-enabled":"default","ast-page-background-meta":{"desktop":{"background-color":"var(--ast-global-color-5)","background-image":"","background-repeat":"repeat","background-position":"center center","background-size":"auto","background-attachment":"scroll","background-type":"","background-media":"","overlay-type":"","overlay-color":"","overlay-opacity":"","overlay-gradient":""},"tablet":{"background-color":"","background-image":"","background-repeat":"repeat","background-position":"center center","background-size":"auto","background-attachment":"scroll","background-type":"","background-media":"","overlay-type":"","overlay-color":"","overlay-opacity":"","overlay-gradient":""},"mobile":{"background-color":"","background-image":"","background-repeat":"repeat","background-position":"center center","background-size":"auto","background-attachment":"scroll","background-type":"","background-media":"","overlay-type":"","overlay-color":"","overlay-opacity":"","overlay-gradient":""}},"ast-content-background-meta":{"desktop":{"background-color":"var(--ast-global-color-4)","background-image":"","background-repeat":"repeat","background-position":"center center","background-size":"auto","background-attachment":"scroll","background-type":"","background-media":"","overlay-type":"","overlay-color":"","overlay-opacity":"","overlay-gradient":""},"tablet":{"background-color":"var(--ast-global-color-4)","background-image":"","background-repeat":"repeat","background-position":"center center","background-size":"auto","background-attachment":"scroll","background-type":"","background-media":"","overlay-type":"","overlay-color":"","overlay-opacity":"","overlay-gradient":""},"mobile":{"background-color":"var(--ast-global-color-4)","background-image":"","background-repeat":"repeat","background-position":"center center","background-size":"auto","background-attachment":"scroll","background-type":"","background-media":"","overlay-type":"","overlay-color":"","overlay-opacity":"","overlay-gradient":""}},"footnotes":""},"class_list":["post-16","page","type-page","status-publish","hentry"],"_links":{"self":[{"href":"https:\/\/kronosconsultinggroup.com\/en\/wp-json\/wp\/v2\/pages\/16","targetHints":{"allow":["GET"]}}],"collection":[{"href":"https:\/\/kronosconsultinggroup.com\/en\/wp-json\/wp\/v2\/pages"}],"about":[{"href":"https:\/\/kronosconsultinggroup.com\/en\/wp-json\/wp\/v2\/types\/page"}],"author":[{"embeddable":true,"href":"https:\/\/kronosconsultinggroup.com\/en\/wp-json\/wp\/v2\/users\/1"}],"replies":[{"embeddable":true,"href":"https:\/\/kronosconsultinggroup.com\/en\/wp-json\/wp\/v2\/comments?post=16"}],"version-history":[{"count":40,"href":"https:\/\/kronosconsultinggroup.com\/en\/wp-json\/wp\/v2\/pages\/16\/revisions"}],"predecessor-version":[{"id":564,"href":"https:\/\/kronosconsultinggroup.com\/en\/wp-json\/wp\/v2\/pages\/16\/revisions\/564"}],"wp:attachment":[{"href":"https:\/\/kronosconsultinggroup.com\/en\/wp-json\/wp\/v2\/media?parent=16"}],"curies":[{"name":"wp","href":"https:\/\/api.w.org\/{rel}","templated":true}]}}