{"id":86,"date":"2025-01-09T08:17:36","date_gmt":"2025-01-09T08:17:36","guid":{"rendered":"https:\/\/kronosconsultinggroup.com\/?page_id=86"},"modified":"2025-01-26T06:04:01","modified_gmt":"2025-01-26T06:04:01","slug":"investments","status":"publish","type":"page","link":"https:\/\/kronosconsultinggroup.com\/en\/investments\/","title":{"rendered":"Investments"},"content":{"rendered":"<div data-elementor-type=\"wp-page\" data-elementor-id=\"86\" class=\"elementor elementor-86\" data-elementor-post-type=\"page\">\n\t\t\t\t<div class=\"elementor-element elementor-element-4043027 e-flex e-con-boxed e-con e-parent\" data-id=\"4043027\" data-element_type=\"container\" data-settings=\"{&quot;background_background&quot;:&quot;classic&quot;}\">\n\t\t\t\t\t<div class=\"e-con-inner\">\n\t\t\t\t<div class=\"elementor-element elementor-element-d2f3f89 elementor-widget elementor-widget-heading\" data-id=\"d2f3f89\" data-element_type=\"widget\" data-widget_type=\"heading.default\">\n\t\t\t\t<div class=\"elementor-widget-container\">\n\t\t\t\t\t<h2 class=\"elementor-heading-title elementor-size-default\">Kronos Inversiones\n<\/h2>\t\t\t\t<\/div>\n\t\t\t\t<\/div>\n\t\t\t\t\t<\/div>\n\t\t\t\t<\/div>\n\t\t<div class=\"elementor-element elementor-element-9664d53 e-flex e-con-boxed e-con e-parent\" data-id=\"9664d53\" data-element_type=\"container\">\n\t\t\t\t\t<div class=\"e-con-inner\">\n\t\t<div class=\"elementor-element elementor-element-39671ee e-con-full e-flex e-con e-child\" data-id=\"39671ee\" data-element_type=\"container\">\n\t\t\t\t<div class=\"elementor-element elementor-element-6d51ed8 elementor-widget elementor-widget-image\" data-id=\"6d51ed8\" data-element_type=\"widget\" data-widget_type=\"image.default\">\n\t\t\t\t<div class=\"elementor-widget-container\">\n\t\t\t\t\t\t\t\t\t\t\t\t\t\t\t<img fetchpriority=\"high\" decoding=\"async\" width=\"2560\" height=\"1707\" src=\"https:\/\/kronosconsultinggroup.com\/wp-content\/uploads\/2025\/01\/businessman-showing-changes-report-scaled.jpg\" class=\"attachment-full size-full wp-image-262\" alt=\"\" srcset=\"https:\/\/kronosconsultinggroup.com\/wp-content\/uploads\/2025\/01\/businessman-showing-changes-report-scaled.jpg 2560w, https:\/\/kronosconsultinggroup.com\/wp-content\/uploads\/2025\/01\/businessman-showing-changes-report-300x200.jpg 300w, https:\/\/kronosconsultinggroup.com\/wp-content\/uploads\/2025\/01\/businessman-showing-changes-report-1024x683.jpg 1024w, https:\/\/kronosconsultinggroup.com\/wp-content\/uploads\/2025\/01\/businessman-showing-changes-report-768x512.jpg 768w, https:\/\/kronosconsultinggroup.com\/wp-content\/uploads\/2025\/01\/businessman-showing-changes-report-1536x1024.jpg 1536w, https:\/\/kronosconsultinggroup.com\/wp-content\/uploads\/2025\/01\/businessman-showing-changes-report-2048x1365.jpg 2048w\" sizes=\"(max-width: 2560px) 100vw, 2560px\" \/>\t\t\t\t\t\t\t\t\t\t\t\t\t\t\t<\/div>\n\t\t\t\t<\/div>\n\t\t\t\t<\/div>\n\t\t<div class=\"elementor-element elementor-element-ae967ff e-con-full e-flex e-con e-child\" data-id=\"ae967ff\" data-element_type=\"container\">\n\t\t\t\t<div class=\"elementor-element elementor-element-7269456 elementor-widget elementor-widget-heading\" data-id=\"7269456\" data-element_type=\"widget\" data-widget_type=\"heading.default\">\n\t\t\t\t<div class=\"elementor-widget-container\">\n\t\t\t\t\t<h3 class=\"elementor-heading-title elementor-size-default\">Kronos Investments<\/h3>\t\t\t\t<\/div>\n\t\t\t\t<\/div>\n\t\t\t\t<div class=\"elementor-element elementor-element-73b9115 elementor-widget elementor-widget-text-editor\" data-id=\"73b9115\" data-element_type=\"widget\" data-widget_type=\"text-editor.default\">\n\t\t\t\t<div class=\"elementor-widget-container\">\n\t\t\t\t\t\t\t\t\t<p>Querer obtener la m\u00e1xima rentabilidad es el principal deseo de cualquier inversor. Sin embargo, esta m\u00e1xima, tan f\u00e1cil de escribir, es en realidad una quimera. Ajustar los deseos del inversor y las caracter\u00edsticas de la inversi\u00f3n debe ser nuestro objetivo. Debemos tener en cuenta numerosas variables que pueden afectar al resultado final. Existen alternativas rentables en nuestra cartera para invertir a partir de hoy.<\/p><p>Creemos que las inversiones inteligentes no s\u00f3lo proporcionan rendimientos financieros, sino que tambi\u00e9n contribuyen al avance del deporte y a la potenciaci\u00f3n de los atletas. Al alinear su visi\u00f3n con estrategias procesables, Kronos Investments garantiza que sus recursos se destinen a empresas impactantes y sostenibles. Con nuestra experiencia y orientaci\u00f3n, le ayudamos a navegar por las complejidades del panorama de la inversi\u00f3n deportiva y a alcanzar sus objetivos a largo plazo.<\/p>\t\t\t\t\t\t\t\t<\/div>\n\t\t\t\t<\/div>\n\t\t\t\t<\/div>\n\t\t\t\t\t<\/div>\n\t\t\t\t<\/div>\n\t\t<div class=\"elementor-element elementor-element-9477076 e-flex e-con-boxed e-con e-parent\" data-id=\"9477076\" data-element_type=\"container\" data-settings=\"{&quot;background_background&quot;:&quot;classic&quot;}\">\n\t\t\t\t\t<div class=\"e-con-inner\">\n\t\t<div class=\"elementor-element elementor-element-c934068 e-con-full e-flex e-con e-child\" data-id=\"c934068\" data-element_type=\"container\">\n\t\t<div class=\"elementor-element elementor-element-af53e9b animated-slow e-con-full e-flex elementor-invisible e-con e-child\" data-id=\"af53e9b\" data-element_type=\"container\" data-settings=\"{&quot;animation&quot;:&quot;fadeInLeft&quot;}\">\n\t\t\t\t<div class=\"elementor-element elementor-element-87d9f7c elementor-widget elementor-widget-image\" data-id=\"87d9f7c\" data-element_type=\"widget\" data-widget_type=\"image.default\">\n\t\t\t\t<div class=\"elementor-widget-container\">\n\t\t\t\t\t\t\t\t\t\t\t\t\t\t\t<img decoding=\"async\" width=\"2560\" height=\"1707\" src=\"https:\/\/kronosconsultinggroup.com\/wp-content\/uploads\/2025\/01\/business-people-working-with-ipad-high-angle-scaled.jpg\" class=\"attachment-full size-full wp-image-345\" alt=\"\" srcset=\"https:\/\/kronosconsultinggroup.com\/wp-content\/uploads\/2025\/01\/business-people-working-with-ipad-high-angle-scaled.jpg 2560w, https:\/\/kronosconsultinggroup.com\/wp-content\/uploads\/2025\/01\/business-people-working-with-ipad-high-angle-300x200.jpg 300w, https:\/\/kronosconsultinggroup.com\/wp-content\/uploads\/2025\/01\/business-people-working-with-ipad-high-angle-1024x683.jpg 1024w, https:\/\/kronosconsultinggroup.com\/wp-content\/uploads\/2025\/01\/business-people-working-with-ipad-high-angle-768x512.jpg 768w, https:\/\/kronosconsultinggroup.com\/wp-content\/uploads\/2025\/01\/business-people-working-with-ipad-high-angle-1536x1024.jpg 1536w, https:\/\/kronosconsultinggroup.com\/wp-content\/uploads\/2025\/01\/business-people-working-with-ipad-high-angle-2048x1366.jpg 2048w\" sizes=\"(max-width: 2560px) 100vw, 2560px\" \/>\t\t\t\t\t\t\t\t\t\t\t\t\t\t\t<\/div>\n\t\t\t\t<\/div>\n\t\t<div class=\"elementor-element elementor-element-11176c7 e-flex e-con-boxed e-con e-child\" data-id=\"11176c7\" data-element_type=\"container\" data-settings=\"{&quot;background_background&quot;:&quot;classic&quot;}\">\n\t\t\t\t\t<div class=\"e-con-inner\">\n\t\t\t\t<div class=\"elementor-element elementor-element-9737440 elementor-widget elementor-widget-icon-box\" data-id=\"9737440\" data-element_type=\"widget\" data-widget_type=\"icon-box.default\">\n\t\t\t\t<div class=\"elementor-widget-container\">\n\t\t\t\t\t\t\t<div class=\"elementor-icon-box-wrapper\">\n\n\t\t\t\n\t\t\t\t\t\t<div class=\"elementor-icon-box-content\">\n\n\t\t\t\t\t\t\t\t\t<h4 class=\"elementor-icon-box-title\">\n\t\t\t\t\t\t<span  >\n\t\t\t\t\t\t\tInversiones en Proyectos\t\t\t\t\t\t<\/span>\n\t\t\t\t\t<\/h4>\n\t\t\t\t\n\t\t\t\t\t\t\t\t\t<p class=\"elementor-icon-box-description\">\n\t\t\t\t\t\tLas dificultades financieras y el entorno mundial hacen posible que los inversores tengan acceso a encontrar proyectos empresariales serios y rentables donde poder invertir.\nCada inversor y cada proyecto son particulares y diferentes al resto, este puzle es una gran oportunidad de negocio para el inversor industrial y creativo\t\t\t\t\t<\/p>\n\t\t\t\t\n\t\t\t<\/div>\n\t\t\t\n\t\t<\/div>\n\t\t\t\t\t\t<\/div>\n\t\t\t\t<\/div>\n\t\t\t\t\t<\/div>\n\t\t\t\t<\/div>\n\t\t\t\t<\/div>\n\t\t<div class=\"elementor-element elementor-element-9ff5e03 animated-slow e-con-full e-flex elementor-invisible e-con e-child\" data-id=\"9ff5e03\" data-element_type=\"container\" data-settings=\"{&quot;animation&quot;:&quot;fadeInUp&quot;,&quot;animation_tablet&quot;:&quot;fadeInRight&quot;}\">\n\t\t\t\t<div class=\"elementor-element elementor-element-3d2c5e6 elementor-widget elementor-widget-image\" data-id=\"3d2c5e6\" data-element_type=\"widget\" data-widget_type=\"image.default\">\n\t\t\t\t<div class=\"elementor-widget-container\">\n\t\t\t\t\t\t\t\t\t\t\t\t\t\t\t<img decoding=\"async\" width=\"1709\" height=\"2560\" src=\"https:\/\/kronosconsultinggroup.com\/wp-content\/uploads\/2025\/01\/businessman-woman-workplace-paperwork-dollar-scaled.jpg\" class=\"attachment-full size-full wp-image-272\" alt=\"\" srcset=\"https:\/\/kronosconsultinggroup.com\/wp-content\/uploads\/2025\/01\/businessman-woman-workplace-paperwork-dollar-scaled.jpg 1709w, https:\/\/kronosconsultinggroup.com\/wp-content\/uploads\/2025\/01\/businessman-woman-workplace-paperwork-dollar-200x300.jpg 200w, https:\/\/kronosconsultinggroup.com\/wp-content\/uploads\/2025\/01\/businessman-woman-workplace-paperwork-dollar-683x1024.jpg 683w, https:\/\/kronosconsultinggroup.com\/wp-content\/uploads\/2025\/01\/businessman-woman-workplace-paperwork-dollar-768x1151.jpg 768w, https:\/\/kronosconsultinggroup.com\/wp-content\/uploads\/2025\/01\/businessman-woman-workplace-paperwork-dollar-1025x1536.jpg 1025w, https:\/\/kronosconsultinggroup.com\/wp-content\/uploads\/2025\/01\/businessman-woman-workplace-paperwork-dollar-1367x2048.jpg 1367w\" sizes=\"(max-width: 1709px) 100vw, 1709px\" \/>\t\t\t\t\t\t\t\t\t\t\t\t\t\t\t<\/div>\n\t\t\t\t<\/div>\n\t\t<div class=\"elementor-element elementor-element-15141f6 e-flex e-con-boxed e-con e-child\" data-id=\"15141f6\" data-element_type=\"container\" data-settings=\"{&quot;background_background&quot;:&quot;classic&quot;}\">\n\t\t\t\t\t<div class=\"e-con-inner\">\n\t\t\t\t<div class=\"elementor-element elementor-element-d1db1ff elementor-widget elementor-widget-icon-box\" data-id=\"d1db1ff\" data-element_type=\"widget\" data-widget_type=\"icon-box.default\">\n\t\t\t\t<div class=\"elementor-widget-container\">\n\t\t\t\t\t\t\t<div class=\"elementor-icon-box-wrapper\">\n\n\t\t\t\n\t\t\t\t\t\t<div class=\"elementor-icon-box-content\">\n\n\t\t\t\t\t\t\t\t\t<h4 class=\"elementor-icon-box-title\">\n\t\t\t\t\t\t<span  >\n\t\t\t\t\t\t\tCrowdlending\t\t\t\t\t\t<\/span>\n\t\t\t\t\t<\/h4>\n\t\t\t\t\n\t\t\t\t\t\t\t\t\t<p class=\"elementor-icon-box-description\">\n\t\t\t\t\t\tEl crowlending o pr\u00e9stamo entre particulares, es una buena alternativa de inversi\u00f3n en la que no aparecen intermediarios financieros propiamente dicho.\nEl inversor toma la figura de prestamista y cede capital a un tercero durante un periodo determinado a cambio de un inter\u00e9s y con las garant\u00edas pactadas de mutuo acuerdo, dentro del marco legal establecido\nGracias a sus especiales caracter\u00edsticas se consigue una alta rentabilidad.\t\t\t\t\t<\/p>\n\t\t\t\t\n\t\t\t<\/div>\n\t\t\t\n\t\t<\/div>\n\t\t\t\t\t\t<\/div>\n\t\t\t\t<\/div>\n\t\t\t\t\t<\/div>\n\t\t\t\t<\/div>\n\t\t\t\t<\/div>\n\t\t<div class=\"elementor-element elementor-element-a1a8e25 animated-slow e-con-full e-flex elementor-invisible e-con e-child\" data-id=\"a1a8e25\" data-element_type=\"container\" data-settings=\"{&quot;animation&quot;:&quot;fadeInUp&quot;,&quot;animation_tablet&quot;:&quot;fadeInRight&quot;}\">\n\t\t\t\t<div class=\"elementor-element elementor-element-8a4de36 elementor-widget elementor-widget-image\" data-id=\"8a4de36\" data-element_type=\"widget\" data-widget_type=\"image.default\">\n\t\t\t\t<div class=\"elementor-widget-container\">\n\t\t\t\t\t\t\t\t\t\t\t\t\t\t\t<img loading=\"lazy\" decoding=\"async\" width=\"2560\" height=\"1709\" src=\"https:\/\/kronosconsultinggroup.com\/wp-content\/uploads\/2025\/01\/figurine-house-plan-laptop-scaled.jpg\" class=\"attachment-full size-full wp-image-346\" alt=\"\" srcset=\"https:\/\/kronosconsultinggroup.com\/wp-content\/uploads\/2025\/01\/figurine-house-plan-laptop-scaled.jpg 2560w, https:\/\/kronosconsultinggroup.com\/wp-content\/uploads\/2025\/01\/figurine-house-plan-laptop-300x200.jpg 300w, https:\/\/kronosconsultinggroup.com\/wp-content\/uploads\/2025\/01\/figurine-house-plan-laptop-1024x683.jpg 1024w, https:\/\/kronosconsultinggroup.com\/wp-content\/uploads\/2025\/01\/figurine-house-plan-laptop-768x513.jpg 768w, https:\/\/kronosconsultinggroup.com\/wp-content\/uploads\/2025\/01\/figurine-house-plan-laptop-1536x1025.jpg 1536w, https:\/\/kronosconsultinggroup.com\/wp-content\/uploads\/2025\/01\/figurine-house-plan-laptop-2048x1367.jpg 2048w\" sizes=\"(max-width: 2560px) 100vw, 2560px\" \/>\t\t\t\t\t\t\t\t\t\t\t\t\t\t\t<\/div>\n\t\t\t\t<\/div>\n\t\t<div class=\"elementor-element elementor-element-9ff1336 e-flex e-con-boxed e-con e-child\" data-id=\"9ff1336\" data-element_type=\"container\" data-settings=\"{&quot;background_background&quot;:&quot;classic&quot;}\">\n\t\t\t\t\t<div class=\"e-con-inner\">\n\t\t\t\t<div class=\"elementor-element elementor-element-dfdcb19 elementor-widget elementor-widget-icon-box\" data-id=\"dfdcb19\" data-element_type=\"widget\" data-widget_type=\"icon-box.default\">\n\t\t\t\t<div class=\"elementor-widget-container\">\n\t\t\t\t\t\t\t<div class=\"elementor-icon-box-wrapper\">\n\n\t\t\t\n\t\t\t\t\t\t<div class=\"elementor-icon-box-content\">\n\n\t\t\t\t\t\t\t\t\t<h4 class=\"elementor-icon-box-title\">\n\t\t\t\t\t\t<span  >\n\t\t\t\t\t\t\tReal Estate \t\t\t\t\t\t<\/span>\n\t\t\t\t\t<\/h4>\n\t\t\t\t\n\t\t\t\t\t\t\t\t\t<p class=\"elementor-icon-box-description\">\n\t\t\t\t\t\tLa inversi\u00f3n en propiedades inmobiliarias, contin\u00faa consider\u00e1ndose un activo refugio y una de las inversiones m\u00e1s rentables; siempre ha sido uno de los activos m\u00e1s atractivos para los inversores, y m\u00e1s en Espa\u00f1a y Andorra, que han sido tradicionalmente pa\u00edses de propietarios. No debemos olvidar que la rentabilidad del alquiler de los inmuebles se sit\u00faa en rentabilidades cercanas al 7%, sin olvidar que una buena selecci\u00f3n lleva incorporado un aumento patrimonial.\n\n\t\t\t\t\t<\/p>\n\t\t\t\t\n\t\t\t<\/div>\n\t\t\t\n\t\t<\/div>\n\t\t\t\t\t\t<\/div>\n\t\t\t\t<\/div>\n\t\t\t\t\t<\/div>\n\t\t\t\t<\/div>\n\t\t\t\t<\/div>\n\t\t<div class=\"elementor-element elementor-element-f23b886 animated-slow e-con-full e-flex elementor-invisible e-con e-child\" data-id=\"f23b886\" data-element_type=\"container\" data-settings=\"{&quot;animation&quot;:&quot;fadeInRight&quot;,&quot;animation_tablet&quot;:&quot;fadeInUp&quot;}\">\n\t\t\t\t<div class=\"elementor-element elementor-element-f65003a elementor-widget elementor-widget-image\" data-id=\"f65003a\" data-element_type=\"widget\" data-widget_type=\"image.default\">\n\t\t\t\t<div class=\"elementor-widget-container\">\n\t\t\t\t\t\t\t\t\t\t\t\t\t\t\t<img loading=\"lazy\" decoding=\"async\" width=\"1600\" height=\"1066\" src=\"https:\/\/kronosconsultinggroup.com\/wp-content\/uploads\/2025\/01\/WhatsApp-Image-2025-01-10-at-16.53.11_c22ec632.jpg\" class=\"attachment-full size-full wp-image-357\" alt=\"\" srcset=\"https:\/\/kronosconsultinggroup.com\/wp-content\/uploads\/2025\/01\/WhatsApp-Image-2025-01-10-at-16.53.11_c22ec632.jpg 1600w, https:\/\/kronosconsultinggroup.com\/wp-content\/uploads\/2025\/01\/WhatsApp-Image-2025-01-10-at-16.53.11_c22ec632-300x200.jpg 300w, https:\/\/kronosconsultinggroup.com\/wp-content\/uploads\/2025\/01\/WhatsApp-Image-2025-01-10-at-16.53.11_c22ec632-1024x682.jpg 1024w, https:\/\/kronosconsultinggroup.com\/wp-content\/uploads\/2025\/01\/WhatsApp-Image-2025-01-10-at-16.53.11_c22ec632-768x512.jpg 768w, https:\/\/kronosconsultinggroup.com\/wp-content\/uploads\/2025\/01\/WhatsApp-Image-2025-01-10-at-16.53.11_c22ec632-1536x1023.jpg 1536w\" sizes=\"(max-width: 1600px) 100vw, 1600px\" \/>\t\t\t\t\t\t\t\t\t\t\t\t\t\t\t<\/div>\n\t\t\t\t<\/div>\n\t\t<div class=\"elementor-element elementor-element-af4ed55 e-flex e-con-boxed e-con e-child\" data-id=\"af4ed55\" data-element_type=\"container\" data-settings=\"{&quot;background_background&quot;:&quot;classic&quot;}\">\n\t\t\t\t\t<div class=\"e-con-inner\">\n\t\t\t\t<div class=\"elementor-element elementor-element-a0952ff elementor-widget elementor-widget-icon-box\" data-id=\"a0952ff\" data-element_type=\"widget\" data-widget_type=\"icon-box.default\">\n\t\t\t\t<div class=\"elementor-widget-container\">\n\t\t\t\t\t\t\t<div class=\"elementor-icon-box-wrapper\">\n\n\t\t\t\n\t\t\t\t\t\t<div class=\"elementor-icon-box-content\">\n\n\t\t\t\t\t\t\t\t\t<h4 class=\"elementor-icon-box-title\">\n\t\t\t\t\t\t<span  >\n\t\t\t\t\t\t\tActivos digitales \t\t\t\t\t\t<\/span>\n\t\t\t\t\t<\/h4>\n\t\t\t\t\n\t\t\t\t\t\t\t\t\t<p class=\"elementor-icon-box-description\">\n\t\t\t\t\t\t\nEs el activo financiero m\u00e1s reciente y creciente, las criptomonedas han adquirido una inusitada y fulgurante popularidad. Desde sus inicios con la creaci\u00f3n del Bitcoin all\u00e1 por 2009, el criptomundo no ha parado de tener un crecimiento inesperado para los no t\u00e9cnicos en el sector, apareciendo otros Desde ese, ya lejano, 2009 han aumentado las opciones de inversi\u00f3n. Existen cada vez m\u00e1s criptomonedas en las que invertir.\t\t\t\t\t<\/p>\n\t\t\t\t\n\t\t\t<\/div>\n\t\t\t\n\t\t<\/div>\n\t\t\t\t\t\t<\/div>\n\t\t\t\t<\/div>\n\t\t\t\t\t<\/div>\n\t\t\t\t<\/div>\n\t\t\t\t<\/div>\n\t\t\t\t<\/div>\n\t\t\t\t\t<\/div>\n\t\t\t\t<\/div>\n\t\t\t\t<\/div>","protected":false},"excerpt":{"rendered":"<p>Kronos Inversiones Kronos Investments Querer obtener la m\u00e1xima rentabilidad es el principal deseo de cualquier inversor. Sin embargo, esta m\u00e1xima, [&hellip;]<\/p>","protected":false},"author":1,"featured_media":0,"parent":0,"menu_order":0,"comment_status":"closed","ping_status":"closed","template":"elementor_header_footer","meta":{"site-sidebar-layout":"no-sidebar","site-content-layout":"","ast-site-content-layout":"full-width-container","site-content-style":"default","site-sidebar-style":"default","ast-global-header-display":"","ast-banner-title-visibility":"","ast-main-header-display":"","ast-hfb-above-header-display":"","ast-hfb-below-header-display":"","ast-hfb-mobile-header-display":"","site-post-title":"disabled","ast-breadcrumbs-content":"","ast-featured-img":"disabled","footer-sml-layout":"","theme-transparent-header-meta":"","adv-header-id-meta":"","stick-header-meta":"","header-above-stick-meta":"","header-main-stick-meta":"","header-below-stick-meta":"","astra-migrate-meta-layouts":"default","ast-page-background-enabled":"default","ast-page-background-meta":{"desktop":{"background-color":"var(--ast-global-color-5)","background-image":"","background-repeat":"repeat","background-position":"center center","background-size":"auto","background-attachment":"scroll","background-type":"","background-media":"","overlay-type":"","overlay-color":"","overlay-opacity":"","overlay-gradient":""},"tablet":{"background-color":"","background-image":"","background-repeat":"repeat","background-position":"center center","background-size":"auto","background-attachment":"scroll","background-type":"","background-media":"","overlay-type":"","overlay-color":"","overlay-opacity":"","overlay-gradient":""},"mobile":{"background-color":"","background-image":"","background-repeat":"repeat","background-position":"center center","background-size":"auto","background-attachment":"scroll","background-type":"","background-media":"","overlay-type":"","overlay-color":"","overlay-opacity":"","overlay-gradient":""}},"ast-content-background-meta":{"desktop":{"background-color":"var(--ast-global-color-4)","background-image":"","background-repeat":"repeat","background-position":"center center","background-size":"auto","background-attachment":"scroll","background-type":"","background-media":"","overlay-type":"","overlay-color":"","overlay-opacity":"","overlay-gradient":""},"tablet":{"background-color":"var(--ast-global-color-4)","background-image":"","background-repeat":"repeat","background-position":"center center","background-size":"auto","background-attachment":"scroll","background-type":"","background-media":"","overlay-type":"","overlay-color":"","overlay-opacity":"","overlay-gradient":""},"mobile":{"background-color":"var(--ast-global-color-4)","background-image":"","background-repeat":"repeat","background-position":"center center","background-size":"auto","background-attachment":"scroll","background-type":"","background-media":"","overlay-type":"","overlay-color":"","overlay-opacity":"","overlay-gradient":""}},"footnotes":""},"class_list":["post-86","page","type-page","status-publish","hentry"],"_links":{"self":[{"href":"https:\/\/kronosconsultinggroup.com\/en\/wp-json\/wp\/v2\/pages\/86","targetHints":{"allow":["GET"]}}],"collection":[{"href":"https:\/\/kronosconsultinggroup.com\/en\/wp-json\/wp\/v2\/pages"}],"about":[{"href":"https:\/\/kronosconsultinggroup.com\/en\/wp-json\/wp\/v2\/types\/page"}],"author":[{"embeddable":true,"href":"https:\/\/kronosconsultinggroup.com\/en\/wp-json\/wp\/v2\/users\/1"}],"replies":[{"embeddable":true,"href":"https:\/\/kronosconsultinggroup.com\/en\/wp-json\/wp\/v2\/comments?post=86"}],"version-history":[{"count":28,"href":"https:\/\/kronosconsultinggroup.com\/en\/wp-json\/wp\/v2\/pages\/86\/revisions"}],"predecessor-version":[{"id":453,"href":"https:\/\/kronosconsultinggroup.com\/en\/wp-json\/wp\/v2\/pages\/86\/revisions\/453"}],"wp:attachment":[{"href":"https:\/\/kronosconsultinggroup.com\/en\/wp-json\/wp\/v2\/media?parent=86"}],"curies":[{"name":"wp","href":"https:\/\/api.w.org\/{rel}","templated":true}]}}